{"id":19,"date":"2024-04-02T10:36:36","date_gmt":"2024-04-02T02:36:36","guid":{"rendered":"https:\/\/pastafoodmachine.com\/?page_id=19"},"modified":"2025-08-12T18:03:32","modified_gmt":"2025-08-12T10:03:32","slug":"contact-us","status":"publish","type":"page","link":"https:\/\/pastafoodmachine.com\/fr\/contact-us\/","title":{"rendered":"Contactez-nous"},"content":{"rendered":"<style>.kb-row-layout-id19_3930d3-50 > .kt-row-column-wrap{align-content:start;}:where(.kb-row-layout-id19_3930d3-50 > .kt-row-column-wrap) > .wp-block-kadence-column{justify-content:start;}.kb-row-layout-id19_3930d3-50 > .kt-row-column-wrap{column-gap:var(--global-kb-gap-lg, 4rem);row-gap:var(--global-kb-gap-md, 2rem);max-width:var( --global-content-width, 1290px );padding-left:var(--global-content-edge-padding);padding-right:var(--global-content-edge-padding);padding-top:var(--global-kb-spacing-md, 2rem);padding-bottom:var(--global-kb-spacing-xxl, 5rem);grid-template-columns:minmax(0, calc(45% - ((var(--global-kb-gap-lg, 4rem) * 1 )\/2)))minmax(0, calc(55% - ((var(--global-kb-gap-lg, 4rem) * 1 )\/2)));}.kb-row-layout-id19_3930d3-50 > .kt-row-layout-overlay{opacity:0.30;}@media all and (max-width: 1024px){.kb-row-layout-id19_3930d3-50 > .kt-row-column-wrap{column-gap:var(--global-kb-gap-md, 2rem);padding-top:var(--global-kb-spacing-lg, 3rem);padding-bottom:var(--global-kb-spacing-lg, 3rem);grid-template-columns:minmax(0, 1fr);}}@media all and (max-width: 767px){.kb-row-layout-wrap.wp-block-kadence-rowlayout.kb-row-layout-id19_3930d3-50{margin-top:-40px;}.kb-row-layout-id19_3930d3-50 > .kt-row-column-wrap{padding-right:var(--global-kb-spacing-sm, 1.5rem);padding-left:var(--global-kb-spacing-sm, 1.5rem);grid-template-columns:minmax(0, 1fr);}}<\/style><div class=\"kb-row-layout-wrap kb-row-layout-id19_3930d3-50 alignfull has-theme-palette9-background-color kt-row-has-bg wp-block-kadence-rowlayout\"><div class=\"kt-row-column-wrap kt-has-2-columns kt-row-layout-equal kt-tab-layout-row kt-mobile-layout-row kt-row-valign-top kb-theme-content-width\">\n<style>.kadence-column19_a971cd-5e > .kt-inside-inner-col{display:flex;}.kadence-column19_a971cd-5e > .kt-inside-inner-col,.kadence-column19_a971cd-5e > .kt-inside-inner-col:before{border-top-left-radius:0px;border-top-right-radius:0px;border-bottom-right-radius:0px;border-bottom-left-radius:0px;}.kadence-column19_a971cd-5e > .kt-inside-inner-col{column-gap:var(--global-kb-gap-sm, 1rem);}.kadence-column19_a971cd-5e > .kt-inside-inner-col{flex-direction:column;justify-content:center;}.kadence-column19_a971cd-5e > .kt-inside-inner-col > .aligncenter{width:100%;}.kt-row-column-wrap > .kadence-column19_a971cd-5e{align-self:center;}.kt-inner-column-height-full:not(.kt-has-1-columns) > .wp-block-kadence-column.kadence-column19_a971cd-5e{align-self:auto;}.kt-inner-column-height-full:not(.kt-has-1-columns) > .wp-block-kadence-column.kadence-column19_a971cd-5e > .kt-inside-inner-col{flex-direction:column;justify-content:center;}.kadence-column19_a971cd-5e > .kt-inside-inner-col:before{opacity:0.3;}.kadence-column19_a971cd-5e{text-align:left;}.kadence-column19_a971cd-5e{position:relative;}@media all and (max-width: 1024px){.kt-row-column-wrap > .kadence-column19_a971cd-5e{align-self:center;}}@media all and (max-width: 1024px){.kt-inner-column-height-full:not(.kt-has-1-columns) > .wp-block-kadence-column.kadence-column19_a971cd-5e{align-self:auto;}}@media all and (max-width: 1024px){.kt-inner-column-height-full:not(.kt-has-1-columns) > .wp-block-kadence-column.kadence-column19_a971cd-5e > .kt-inside-inner-col{flex-direction:column;justify-content:center;}}@media all and (max-width: 1024px){.kadence-column19_a971cd-5e > .kt-inside-inner-col{flex-direction:column;justify-content:center;}}@media all and (max-width: 767px){.kt-row-column-wrap > .kadence-column19_a971cd-5e{align-self:center;}.kt-inner-column-height-full:not(.kt-has-1-columns) > .wp-block-kadence-column.kadence-column19_a971cd-5e{align-self:auto;}.kt-inner-column-height-full:not(.kt-has-1-columns) > .wp-block-kadence-column.kadence-column19_a971cd-5e > .kt-inside-inner-col{flex-direction:column;justify-content:center;}.kadence-column19_a971cd-5e > .kt-inside-inner-col{flex-direction:column;justify-content:center;}}<\/style>\n<div class=\"wp-block-kadence-column kadence-column19_a971cd-5e kb-section-dir-vertical inner-column-1\"><div class=\"kt-inside-inner-col\"><style>.wp-block-kadence-advancedheading.kt-adv-heading19_5716d8-02, .wp-block-kadence-advancedheading.kt-adv-heading19_5716d8-02[data-kb-block=\"kb-adv-heading19_5716d8-02\"]{padding-bottom:var(--global-kb-spacing-lg, 3rem);margin-top:var(--global-kb-spacing-xs, 1rem);margin-bottom:var(--global-kb-spacing-sm, 1.5rem);text-align:left;font-size:32px;line-height:1.1;font-weight:700;font-style:normal;}.wp-block-kadence-advancedheading.kt-adv-heading19_5716d8-02 mark.kt-highlight, .wp-block-kadence-advancedheading.kt-adv-heading19_5716d8-02[data-kb-block=\"kb-adv-heading19_5716d8-02\"] mark.kt-highlight{font-style:normal;color:#f76a0c;-webkit-box-decoration-break:clone;box-decoration-break:clone;padding-top:0px;padding-right:0px;padding-bottom:0px;padding-left:0px;}.wp-block-kadence-advancedheading.kt-adv-heading19_5716d8-02 img.kb-inline-image, .wp-block-kadence-advancedheading.kt-adv-heading19_5716d8-02[data-kb-block=\"kb-adv-heading19_5716d8-02\"] img.kb-inline-image{width:150px;vertical-align:baseline;}@media all and (max-width: 767px){.wp-block-kadence-advancedheading.kt-adv-heading19_5716d8-02, .wp-block-kadence-advancedheading.kt-adv-heading19_5716d8-02[data-kb-block=\"kb-adv-heading19_5716d8-02\"]{font-size:var(--global-kb-font-size-lg, 2rem);}}<\/style>\n<h2 class=\"kt-adv-heading19_5716d8-02 wp-block-kadence-advancedheading has-theme-palette-2-color has-text-color\" data-kb-block=\"kb-adv-heading19_5716d8-02\">Consultation Service<\/h2>\n\n\n\n<p>If interested in our products, please feel free to contact us as soon as possible.<\/p>\n\n\n\n<p>We are dedicated to providing you with high-quality pre-sales and after-sales service, as well as professional technical guidance.<\/p>\n\n\n\n<p>Contact us now!<\/p>\n\n\n<style>.wp-block-kadence-iconlist.kt-svg-icon-list-items19_6730ef-39:not(.this-stops-third-party-issues){margin-top:0px;margin-bottom:0px;}.wp-block-kadence-iconlist.kt-svg-icon-list-items19_6730ef-39 ul.kt-svg-icon-list:not(.this-prevents-issues):not(.this-stops-third-party-issues):not(.tijsloc){margin-top:0px;margin-right:0px;margin-bottom:var(--global-kb-spacing-sm, 1.5rem);margin-left:0px;}.wp-block-kadence-iconlist.kt-svg-icon-list-items19_6730ef-39 ul.kt-svg-icon-list{grid-row-gap:5px;}.wp-block-kadence-iconlist.kt-svg-icon-list-items19_6730ef-39 ul.kt-svg-icon-list .kt-svg-icon-list-item-wrap .kt-svg-icon-list-single{margin-right:10px;}.kt-svg-icon-list-items19_6730ef-39 ul.kt-svg-icon-list .kt-svg-icon-list-level-0 .kt-svg-icon-list-single svg{font-size:20px;}.wp-block-kadence-iconlist.kt-svg-icon-list-items19_6730ef-39 .wp-block-kadence-listitem a{text-decoration:none;}.wp-block-kadence-iconlist.kt-svg-icon-list-items19_6730ef-39 ul.kt-svg-icon-list .wp-block-kadence-listitem a{color:var(--global-palette3, #1A202C);}.wp-block-kadence-iconlist.kt-svg-icon-list-items19_6730ef-39 ul.kt-svg-icon-list .wp-block-kadence-listitem a:hover{color:var(--global-palette2, #2B6CB0);}<\/style>\n<div class=\"wp-block-kadence-iconlist kt-svg-icon-list-items kt-svg-icon-list-items19_6730ef-39 kt-svg-icon-list-columns-1 alignnone\"><ul class=\"kt-svg-icon-list\"><style>.kt-svg-icon-list-item-19_ca2f83-4f .kt-svg-icon-list-single{color:var(--global-palette1, #3182CE) !important;}.kt-svg-icon-list-item-19_ca2f83-4f .kt-svg-icon-list-text mark.kt-highlight{background-color:unset;font-style:normal;color:#f76a0c;-webkit-box-decoration-break:clone;box-decoration-break:clone;padding-top:0px;padding-right:0px;padding-bottom:0px;padding-left:0px;}<\/style>\n<li class=\"wp-block-kadence-listitem kt-svg-icon-list-item-wrap kt-svg-icon-list-item-19_ca2f83-4f\"><a href=\"https:\/\/wa.me\/+8619139754732\" class=\"kt-svg-icon-link\" rel=\"nofollow noopener\" target=\"_blank\"><span class=\"kb-svg-icon-wrap kb-svg-icon-fe_phoneCall kt-svg-icon-list-single\"><svg viewBox=\"0 0 24 24\"  fill=\"none\" stroke=\"currentColor\" stroke-width=\"2.5\" stroke-linecap=\"round\" stroke-linejoin=\"round\" xmlns=\"http:\/\/www.w3.org\/2000\/svg\"  aria-hidden=\"true\"><path d=\"M15.05 5A5 5 0 0 1 19 8.95M15.05 1A9 9 0 0 1 23 8.94m-1 7.98v3a2 2 0 0 1-2.18 2 19.79 19.79 0 0 1-8.63-3.07 19.5 19.5 0 0 1-6-6 19.79 19.79 0 0 1-3.07-8.67A2 2 0 0 1 4.11 2h3a2 2 0 0 1 2 1.72 12.84 12.84 0 0 0 .7 2.81 2 2 0 0 1-.45 2.11L8.09 9.91a16 16 0 0 0 6 6l1.27-1.27a2 2 0 0 1 2.11-.45 12.84 12.84 0 0 0 2.81.7A2 2 0 0 1 22 16.92z\"\/><\/svg><\/span><span class=\"kt-svg-icon-list-text\">+86 17303821432<\/span><\/a><\/li>\n\n\n<style>.kt-svg-icon-list-item-19_537279-be .kt-svg-icon-list-single{color:var(--global-palette1, #3182CE) !important;}.kt-svg-icon-list-item-19_537279-be .kt-svg-icon-list-text mark.kt-highlight{background-color:unset;font-style:normal;color:#f76a0c;-webkit-box-decoration-break:clone;box-decoration-break:clone;padding-top:0px;padding-right:0px;padding-bottom:0px;padding-left:0px;}<\/style>\n<li class=\"wp-block-kadence-listitem kt-svg-icon-list-item-wrap kt-svg-icon-list-item-19_537279-be\"><a href=\"mailto:info@pastafoodmachine.com\" class=\"kt-svg-icon-link\"><span class=\"kb-svg-icon-wrap kb-svg-icon-fe_mail kt-svg-icon-list-single\"><svg viewBox=\"0 0 24 24\"  fill=\"none\" stroke=\"currentColor\" stroke-width=\"2.5\" stroke-linecap=\"round\" stroke-linejoin=\"round\" xmlns=\"http:\/\/www.w3.org\/2000\/svg\"  aria-hidden=\"true\"><path d=\"M4 4h16c1.1 0 2 .9 2 2v12c0 1.1-.9 2-2 2H4c-1.1 0-2-.9-2-2V6c0-1.1.9-2 2-2z\"\/><polyline points=\"22,6 12,13 2,6\"\/><\/svg><\/span><span class=\"kt-svg-icon-list-text\">info@pastafoodmachine.com<\/span><\/a><\/li>\n\n\n<style>.kt-svg-icon-list-item-19_318942-24 .kt-svg-icon-list-single{color:var(--global-palette1, #3182CE) !important;}.kt-svg-icon-list-item-19_318942-24 .kt-svg-icon-list-text mark.kt-highlight{background-color:unset;font-style:normal;color:#f76a0c;-webkit-box-decoration-break:clone;box-decoration-break:clone;padding-top:0px;padding-right:0px;padding-bottom:0px;padding-left:0px;}<\/style>\n<li class=\"wp-block-kadence-listitem kt-svg-icon-list-item-wrap kt-svg-icon-list-item-19_318942-24\"><span class=\"kb-svg-icon-wrap kb-svg-icon-fe_mapPin kt-svg-icon-list-single\"><svg viewBox=\"0 0 24 24\"  fill=\"none\" stroke=\"currentColor\" stroke-width=\"2.5\" stroke-linecap=\"round\" stroke-linejoin=\"round\" xmlns=\"http:\/\/www.w3.org\/2000\/svg\"  aria-hidden=\"true\"><path d=\"M21 10c0 7-9 13-9 13s-9-6-9-13a9 9 0 0 1 18 0z\"\/><circle cx=\"12\" cy=\"10\" r=\"3\"\/><\/svg><\/span><span class=\"kt-svg-icon-list-text\">Zhengzhou Economic Development Zone, Henan, China<\/span><\/li>\n<\/ul><\/div>\n\n\n<style>.kadence-column19_01b174-f2 > .kt-inside-inner-col{display:flex;}.kadence-column19_01b174-f2 > .kt-inside-inner-col,.kadence-column19_01b174-f2 > .kt-inside-inner-col:before{border-top-left-radius:0px;border-top-right-radius:0px;border-bottom-right-radius:0px;border-bottom-left-radius:0px;}.kadence-column19_01b174-f2 > .kt-inside-inner-col{column-gap:var(--global-kb-gap-sm, 1rem);}.kadence-column19_01b174-f2 > .kt-inside-inner-col{flex-direction:row;flex-wrap:wrap;align-items:center;}.kadence-column19_01b174-f2 > .kt-inside-inner-col > *, .kadence-column19_01b174-f2 > .kt-inside-inner-col > figure.wp-block-image, .kadence-column19_01b174-f2 > .kt-inside-inner-col > figure.wp-block-kadence-image{margin-top:0px;margin-bottom:0px;}.kadence-column19_01b174-f2 > .kt-inside-inner-col > .kb-image-is-ratio-size{flex-grow:1;}.kadence-column19_01b174-f2 > .kt-inside-inner-col:before{opacity:0.3;}.kadence-column19_01b174-f2{position:relative;}@media all and (max-width: 1024px){.kadence-column19_01b174-f2 > .kt-inside-inner-col{flex-direction:row;flex-wrap:wrap;align-items:center;}}@media all and (min-width: 768px) and (max-width: 1024px){.kadence-column19_01b174-f2 > .kt-inside-inner-col > *, .kadence-column19_01b174-f2 > .kt-inside-inner-col > figure.wp-block-image, .kadence-column19_01b174-f2 > .kt-inside-inner-col > figure.wp-block-kadence-image{margin-top:0px;margin-bottom:0px;}.kadence-column19_01b174-f2 > .kt-inside-inner-col > .kb-image-is-ratio-size{flex-grow:1;}}@media all and (max-width: 767px){.kadence-column19_01b174-f2 > .kt-inside-inner-col{flex-direction:row;flex-wrap:wrap;justify-content:flex-start;}.kadence-column19_01b174-f2 > .kt-inside-inner-col > *, .kadence-column19_01b174-f2 > .kt-inside-inner-col > figure.wp-block-image, .kadence-column19_01b174-f2 > .kt-inside-inner-col > figure.wp-block-kadence-image{margin-top:0px;margin-bottom:0px;}.kadence-column19_01b174-f2 > .kt-inside-inner-col > .kb-image-is-ratio-size{flex-grow:1;}}<\/style>\n<div class=\"wp-block-kadence-column kadence-column19_01b174-f2 kb-section-dir-horizontal\"><div class=\"kt-inside-inner-col\"><style>.wp-block-kadence-advancedheading.kt-adv-heading19_1a367f-33, .wp-block-kadence-advancedheading.kt-adv-heading19_1a367f-33[data-kb-block=\"kb-adv-heading19_1a367f-33\"]{margin-right:var(--global-kb-spacing-xxs, 0.5rem);font-size:var(--global-kb-font-size-md, 1.25rem);line-height:1;font-weight:700;font-style:normal;text-transform:capitalize;}.wp-block-kadence-advancedheading.kt-adv-heading19_1a367f-33 mark.kt-highlight, .wp-block-kadence-advancedheading.kt-adv-heading19_1a367f-33[data-kb-block=\"kb-adv-heading19_1a367f-33\"] mark.kt-highlight{font-style:normal;color:#f76a0c;-webkit-box-decoration-break:clone;box-decoration-break:clone;padding-top:0px;padding-right:0px;padding-bottom:0px;padding-left:0px;}.wp-block-kadence-advancedheading.kt-adv-heading19_1a367f-33 img.kb-inline-image, .wp-block-kadence-advancedheading.kt-adv-heading19_1a367f-33[data-kb-block=\"kb-adv-heading19_1a367f-33\"] img.kb-inline-image{width:150px;vertical-align:baseline;}@media all and (max-width: 1024px){.wp-block-kadence-advancedheading.kt-adv-heading19_1a367f-33, .wp-block-kadence-advancedheading.kt-adv-heading19_1a367f-33[data-kb-block=\"kb-adv-heading19_1a367f-33\"]{text-align:center!important;}}<\/style>\n<h3 class=\"kt-adv-heading19_1a367f-33 wp-block-kadence-advancedheading has-theme-palette-2-color has-text-color\" data-kb-block=\"kb-adv-heading19_1a367f-33\">Follow Us:<\/h3>\n\n\n<style>.kt-svg-icons19_465ede-51 .kt-svg-item-0 .kb-svg-icon-wrap{color:var(--global-palette4, #2D3748);font-size:50px;}.wp-block-kadence-icon.kt-svg-icons19_465ede-51{justify-content:center;gap:20px;}@media all and (max-width: 1024px){.wp-block-kadence-icon.kt-svg-icons19_465ede-51{justify-content:center;}}<\/style>\n<div class=\"wp-block-kadence-icon kt-svg-icons kt-svg-icons19_465ede-51 alignnone kb-icon-valign-bottom\"><style>.kt-svg-item-19_80183b-92 .kb-svg-icon-wrap, .kt-svg-style-stacked.kt-svg-item-19_80183b-92 .kb-svg-icon-wrap{color:var(--global-palette1, #3182CE);font-size:26px;}.kt-svg-item-19_80183b-92:hover .kb-svg-icon-wrap{color:var(--global-palette2, #2B6CB0);}<\/style>\n<div class=\"wp-block-kadence-single-icon kt-svg-style-default kt-svg-icon-wrap kt-svg-item-19_80183b-92\"><a href=\"https:\/\/www.youtube.com\/watch?v=HJyABaeMvmU&amp;list=PLGQnPnjg1IbnSyDo9hlABdTbzh-R3AEAv\" class=\"kt-svg-icon-link\" rel=\"nofollow noopener\" target=\"_blank\"><span class=\"kb-svg-icon-wrap kb-svg-icon-fa_youtube\"><svg viewBox=\"0 0 576 512\"  fill=\"currentColor\" xmlns=\"http:\/\/www.w3.org\/2000\/svg\"  aria-hidden=\"true\"><path d=\"M549.655 124.083c-6.281-23.65-24.787-42.276-48.284-48.597C458.781 64 288 64 288 64S117.22 64 74.629 75.486c-23.497 6.322-42.003 24.947-48.284 48.597-11.412 42.867-11.412 132.305-11.412 132.305s0 89.438 11.412 132.305c6.281 23.65 24.787 41.5 48.284 47.821C117.22 448 288 448 288 448s170.78 0 213.371-11.486c23.497-6.321 42.003-24.171 48.284-47.821 11.412-42.867 11.412-132.305 11.412-132.305s0-89.438-11.412-132.305zm-317.51 213.508V175.185l142.739 81.205-142.739 81.201z\"\/><\/svg><\/span><\/a><\/div>\n<\/div>\n<\/div><\/div>\n<\/div><\/div>\n\n\n<style>.kadence-column19_d73996-09 > .kt-inside-inner-col{padding-top:var(--global-kb-spacing-md, 2rem);padding-right:var(--global-kb-spacing-md, 2rem);padding-bottom:var(--global-kb-spacing-md, 2rem);padding-left:var(--global-kb-spacing-md, 2rem);}.kadence-column19_d73996-09 > .kt-inside-inner-col,.kadence-column19_d73996-09 > .kt-inside-inner-col:before{border-top-left-radius:8px;border-top-right-radius:8px;border-bottom-right-radius:8px;border-bottom-left-radius:8px;}.kadence-column19_d73996-09 > .kt-inside-inner-col{column-gap:0px;}.kadence-column19_d73996-09 > .kt-inside-inner-col{flex-direction:column;}.kadence-column19_d73996-09 > .kt-inside-inner-col > .aligncenter{width:100%;}.kadence-column19_d73996-09 > .kt-inside-inner-col{background-color:var(--global-palette8, #F7FAFC);}.kadence-column19_d73996-09 > .kt-inside-inner-col:before{opacity:0.3;}.kadence-column19_d73996-09{text-align:left;}.kadence-column19_d73996-09{position:relative;}@media all and (max-width: 1024px){.kadence-column19_d73996-09 > .kt-inside-inner-col{flex-direction:column;justify-content:center;}}@media all and (max-width: 767px){.kadence-column19_d73996-09 > .kt-inside-inner-col{padding-top:var(--global-kb-spacing-xs, 1rem);padding-right:var(--global-kb-spacing-xs, 1rem);padding-bottom:var(--global-kb-spacing-xs, 1rem);padding-left:var(--global-kb-spacing-xs, 1rem);flex-direction:column;justify-content:center;}}<\/style>\n<div class=\"wp-block-kadence-column kadence-column19_d73996-09 kb-section-dir-vertical inner-column-2\"><div class=\"kt-inside-inner-col\"><style>.kadence-form-19_be4c26-25 .kb-form .kadence-blocks-form-field .kb-text-style-field, .kadence-form-19_be4c26-25 .kb-form .kadence-blocks-form-field .kb-select-style-field{color:var(--global-palette3, #1A202C);border-width:0px 0px 3px 0px;background:rgba(0, 0, 0, 0);border-color:var(--global-palette2, #2B6CB0);}.kadence-form-19_be4c26-25 .kb-form .kadence-blocks-form-field .kb-forms-submit{border-radius:50px;}.kadence-form-19_be4c26-25 .kb-form .kadence-blocks-form-field .kb-forms-submit{text-transform:uppercase;}.kb-form input.kadence-blocks-field.verify{opacity:0.0;position:absolute;top:0.0;left:0.0;width:0.0;height:0.0;z-index:-1;}<\/style>\n<div class=\"wp-block-kadence-form kadence-form-19_be4c26-25 kb-form-wrap\"><form class=\"kb-form\" action=\"\" method=\"post\"><div class=\"kadence-blocks-form-field kb-field-desk-width-100 kb-input-size-standard\"><input name=\"kb_field_0\" id=\"kb_field_19_be4c26-25_0\" data-label=\"Name\" type=\"text\" placeholder=\"Your Name\" value=\"\" data-type=\"text\" class=\"kb-field kb-text-style-field kb-text-field kb-field-0\"\/><\/div><div class=\"kadence-blocks-form-field kb-form-field-1 kb-field-desk-width-100 kb-input-size-standard\"><input name=\"kb_field_1\" id=\"kb_field_19_be4c26-25_1\" data-label=\"Email\" type=\"email\" placeholder=\"Email Address\" value=\"\" data-type=\"email\" class=\"kb-field kb-text-style-field kb-email-field kb-field-1\" data-required=\"yes\" data-required-message=\"Please enter your email address.\"\/><\/div><div class=\"kadence-blocks-form-field kb-form-field-2 kb-field-desk-width-100 kb-input-size-standard\"><input name=\"kb_field_2\" id=\"kb_field_19_be4c26-25_2\" data-label=\"Phone Number\" type=\"tel\" placeholder=\"Phone Number\" value=\"\" data-type=\"tel\" class=\"kb-field kb-text-style-field kb-tel-field kb-field-2\" data-validation-message=\"Please enter your correct number.\"\/><\/div><div class=\"kadence-blocks-form-field kb-form-field-3 kb-field-desk-width-100 kb-input-size-standard\"><input name=\"kb_field_3\" id=\"kb_field_19_be4c26-25_3\" data-label=\"Whatsapp \/ Wechat\" type=\"text\" placeholder=\"Whatsapp \/ Wechat\" value=\"\" data-type=\"text\" class=\"kb-field kb-text-style-field kb-text-field kb-field-3\"\/><\/div><div class=\"kadence-blocks-form-field kb-form-field-4 kb-field-desk-width-100 kb-input-size-standard\"><textarea name=\"kb_field_4\" id=\"kb_field_19_be4c26-25_4\" data-label=\"Message\" type=\"textarea\" placeholder=\"Message\" data-type=\"textarea\" class=\"kb-field kb-text-style-field kb-textarea-field kb-field-4\" rows=\"3\" data-required=\"yes\" data-required-message=\"Please detail your requirements.\"><\/textarea><span class=\"kb-field-help\">Please tell us your detailed needs and we will contact you as soon as possible.<\/span><\/div><input type=\"hidden\" name=\"_kb_form_id\" value=\"19_be4c26-25\"\/><input type=\"hidden\" name=\"_kb_form_post_id\" value=\"19\"\/><input type=\"hidden\" name=\"action\" value=\"kb_process_ajax_submit\"\/><label class=\"kadence-verify-label\">Email<input class=\"kadence-blocks-field verify\" type=\"text\" name=\"_kb_verify_email\" autocomplete=\"new-password\" aria-hidden=\"true\" placeholder=\"Email\" tabindex=\"-1\" data-1p-ignore=\"true\" data-lpignore=\"true\" \/><\/label><div class=\"kadence-blocks-form-field kb-submit-field kb-field-desk-width-100\"><button class=\"kb-forms-submit button kb-button-size-standard kb-button-width-full\">Submit<\/button><\/div><\/form><\/div>\n<noscript><div class=\"kadence-blocks-form-message kadence-blocks-form-warning\">Veuillez activer JavaScript dans votre navigateur pour envoyer le formulaire.<\/div><style>.kadence-form-19_be4c26-25 .kadence-blocks-form-field.kb-submit-field { display: none; }<\/style><\/noscript><\/div><\/div>\n\n<\/div><\/div>","protected":false},"excerpt":{"rendered":"<p>Service de consultation Si vous \u00eates int\u00e9ress\u00e9 par nos produits, n'h\u00e9sitez pas \u00e0 nous contacter d\u00e8s que possible. Nous nous engageons \u00e0 vous fournir un service de pr\u00e9-vente et de post-vente de haute qualit\u00e9, ainsi qu'une assistance technique professionnelle. Contactez-nous maintenant ! Suivez-nous :<\/p>","protected":false},"author":1,"featured_media":0,"parent":0,"menu_order":0,"comment_status":"closed","ping_status":"closed","template":"","meta":{"_kad_blocks_custom_css":"","_kad_blocks_head_custom_js":"","_kad_blocks_body_custom_js":"","_kad_blocks_footer_custom_js":"","_kad_post_transparent":"","_kad_post_title":"hide","_kad_post_layout":"","_kad_post_sidebar_id":"","_kad_post_content_style":"","_kad_post_vertical_padding":"","_kad_post_feature":"","_kad_post_feature_position":"","_kad_post_header":false,"_kad_post_footer":false,"_kad_post_classname":"","footnotes":""},"class_list":["post-19","page","type-page","status-publish","hentry"],"taxonomy_info":[],"featured_image_src_large":false,"author_info":{"display_name":"Pasta Machinery","author_link":"https:\/\/pastafoodmachine.com\/fr\/author\/adminrita\/"},"comment_info":0,"_links":{"self":[{"href":"https:\/\/pastafoodmachine.com\/fr\/wp-json\/wp\/v2\/pages\/19","targetHints":{"allow":["GET"]}}],"collection":[{"href":"https:\/\/pastafoodmachine.com\/fr\/wp-json\/wp\/v2\/pages"}],"about":[{"href":"https:\/\/pastafoodmachine.com\/fr\/wp-json\/wp\/v2\/types\/page"}],"author":[{"embeddable":true,"href":"https:\/\/pastafoodmachine.com\/fr\/wp-json\/wp\/v2\/users\/1"}],"replies":[{"embeddable":true,"href":"https:\/\/pastafoodmachine.com\/fr\/wp-json\/wp\/v2\/comments?post=19"}],"version-history":[{"count":0,"href":"https:\/\/pastafoodmachine.com\/fr\/wp-json\/wp\/v2\/pages\/19\/revisions"}],"wp:attachment":[{"href":"https:\/\/pastafoodmachine.com\/fr\/wp-json\/wp\/v2\/media?parent=19"}],"curies":[{"name":"wp","href":"https:\/\/api.w.org\/{rel}","templated":true}]}}